{"id":3,"date":"2026-03-01T02:11:57","date_gmt":"2026-03-01T02:11:57","guid":{"rendered":"http:\/\/careconpet.com\/?page_id=3"},"modified":"2026-03-10T14:12:55","modified_gmt":"2026-03-10T14:12:55","slug":"politica-de-privacidad","status":"publish","type":"page","link":"https:\/\/careconpet.com\/es\/politica-de-privacidad\/","title":{"rendered":"Pol\u00edtica de privacidad"},"content":{"rendered":"<p><\/p>\n\n\n\n<p><strong>\u00daltima actualizaci\u00f3n: 10 de marzo de 2026<\/strong><\/p>\n\n\n\n<h2 class=\"wp-block-heading\">1. Qui\u00e9nes somos<\/h2>\n\n\n\n<p>Esta pol\u00edtica de privacidad explica c\u00f3mo <strong>Linyi CareCon Import &amp; Export Co., Ltd.<\/strong> recoge, utiliza, almacena y protege la informaci\u00f3n personal cuando usted visita <strong>careconpet.com<\/strong>.<\/p>\n\n\n\n<p><strong>P\u00e1gina web:<\/strong> careconpet.com<br><strong>Empresa:<\/strong> Linyi CareCon Import &amp; Export Co., Ltd.<br><strong>Correo electr\u00f3nico:<\/strong> <a>info@careconpet.com<\/a><br><strong>Direcci\u00f3n:<\/strong> 1405, Edificio 15, Global Danguiyuan, Calle Liuqing, Distrito de Lanshan, Ciudad de Linyi, Provincia de Shandong, China<\/p>\n\n\n\n<p>Al utilizar nuestro sitio web, usted acepta los t\u00e9rminos de esta Pol\u00edtica de privacidad.<\/p>\n\n\n\n<h2 class=\"wp-block-heading\">2. Qu\u00e9 informaci\u00f3n recopilamos<\/h2>\n\n\n\n<p>Podemos recopilar los siguientes tipos de informaci\u00f3n:<\/p>\n\n\n\n<h3 class=\"wp-block-heading\">Informaci\u00f3n que usted facilita directamente<\/h3>\n\n\n\n<p>Cuando se pone en contacto con nosotros a trav\u00e9s de un formulario, nos env\u00eda un correo electr\u00f3nico o realiza una consulta, podemos recopilar:<\/p>\n\n\n\n<ul class=\"wp-block-list\">\n<li>Su nombre<\/li>\n\n\n\n<li>Su direcci\u00f3n de correo electr\u00f3nico<\/li>\n\n\n\n<li>Su n\u00famero de tel\u00e9fono<\/li>\n\n\n\n<li>El nombre de su empresa<\/li>\n\n\n\n<li>Su pa\u00eds o regi\u00f3n<\/li>\n\n\n\n<li>Requisitos del producto, detalles del pedido o contenido del mensaje<\/li>\n\n\n\n<li>Cualquier archivo o documento que decida enviarnos<\/li>\n<\/ul>\n\n\n\n<h3 class=\"wp-block-heading\">Informaci\u00f3n recogida autom\u00e1ticamente<\/h3>\n\n\n\n<p>Cuando visita nuestro sitio web, podemos recopilar autom\u00e1ticamente determinados datos t\u00e9cnicos, como:<\/p>\n\n\n\n<ul class=\"wp-block-list\">\n<li>Direcci\u00f3n IP<\/li>\n\n\n\n<li>Tipo de navegador<\/li>\n\n\n\n<li>Tipo de dispositivo<\/li>\n\n\n\n<li>Sistema operativo<\/li>\n\n\n\n<li>P\u00e1ginas vistas<\/li>\n\n\n\n<li>Tiempo pasado en el sitio<\/li>\n\n\n\n<li>Fuente de remisi\u00f3n<\/li>\n\n\n\n<li>Datos generales de localizaci\u00f3n basados en IP<\/li>\n\n\n\n<li>Datos relacionados con las cookies<\/li>\n<\/ul>\n\n\n\n<h2 class=\"wp-block-heading\">3. C\u00f3mo utilizamos su informaci\u00f3n<\/h2>\n\n\n\n<p>Utilizamos su informaci\u00f3n para los siguientes fines:<\/p>\n\n\n\n<ul class=\"wp-block-list\">\n<li>Para responder a sus preguntas<\/li>\n\n\n\n<li>Para proporcionar presupuestos, informaci\u00f3n sobre productos o muestras<\/li>\n\n\n\n<li>Para comunicarse sobre pedidos, proyectos OEM o cooperaci\u00f3n empresarial<\/li>\n\n\n\n<li>Para mejorar nuestro sitio web, el contenido y la experiencia del usuario<\/li>\n\n\n\n<li>Para mantener la seguridad del sitio web y evitar el spam o los abusos<\/li>\n\n\n\n<li>Para cumplir obligaciones legales o reglamentarias<\/li>\n\n\n\n<li>Para enviar actualizaciones comerciales o mensajes de marketing cuando lo permita la ley<\/li>\n<\/ul>\n\n\n\n<p>S\u00f3lo utilizamos la informaci\u00f3n personal cuando tenemos una raz\u00f3n v\u00e1lida para hacerlo, como responder a su solicitud, operar nuestro sitio web, cumplir con obligaciones legales o perseguir intereses comerciales leg\u00edtimos.<\/p>\n\n\n\n<h2 class=\"wp-block-heading\">4. Formularios de contacto y consultas comerciales<\/h2>\n\n\n\n<p>Cuando env\u00eda un formulario de contacto en nuestro sitio web, recopilamos la informaci\u00f3n que introduce para poder responder a su solicitud.<\/p>\n\n\n\n<p>Podemos utilizar esta informaci\u00f3n para:<\/p>\n\n\n\n<ul class=\"wp-block-list\">\n<li>Contactar con usted sobre su consulta<\/li>\n\n\n\n<li>Preparar recomendaciones o presupuestos de productos<\/li>\n\n\n\n<li>Seguimiento de las solicitudes de muestras<\/li>\n\n\n\n<li>Mantener registros internos de ventas o servicio al cliente<\/li>\n<\/ul>\n\n\n\n<p>Por favor, no env\u00ede informaci\u00f3n personal sensible a trav\u00e9s del formulario de contacto a menos que sea necesario.<\/p>\n\n\n\n<h2 class=\"wp-block-heading\">5. Cookies<\/h2>\n\n\n\n<p>Nuestro sitio web puede utilizar cookies y tecnolog\u00edas similares para mejorar el rendimiento, recordar preferencias, medir el tr\u00e1fico y apoyar las funciones b\u00e1sicas del sitio web. Las directrices de la OIC explican que las cookies son peque\u00f1os archivos que se colocan en un dispositivo y se utilizan habitualmente para recordar preferencias o medir el uso del sitio web.<\/p>\n\n\n\n<p>Podemos utilizar:<\/p>\n\n\n\n<ul class=\"wp-block-list\">\n<li><strong>Galletas esenciales<\/strong> para que el sitio web funcione correctamente<\/li>\n\n\n\n<li><strong>Cookies de preferencia<\/strong> recordar ajustes<\/li>\n\n\n\n<li><strong>Cookies anal\u00edticas<\/strong> comprender c\u00f3mo utilizan el sitio web los visitantes<\/li>\n\n\n\n<li><strong>Cookies de seguridad<\/strong> para ayudar a detectar abusos o proteger el sitio<\/li>\n<\/ul>\n\n\n\n<p>Puede controlar las cookies a trav\u00e9s de la configuraci\u00f3n de su navegador. Si su sitio utiliza un banner de cookies o una herramienta de consentimiento, sus opciones tambi\u00e9n se pueden gestionar all\u00ed.<\/p>\n\n\n\n<h2 class=\"wp-block-heading\">6. An\u00e1lisis y rendimiento del sitio web<\/h2>\n\n\n\n<p>Podemos utilizar herramientas de an\u00e1lisis para comprender el tr\u00e1fico del sitio web, las p\u00e1ginas m\u00e1s visitadas, el comportamiento de los visitantes y el rendimiento general. Esto nos ayuda a mejorar la estructura del sitio, la calidad del contenido y la experiencia del usuario.<\/p>\n\n\n\n<p>Los datos anal\u00edticos suelen recopilarse de forma agregada. Pueden incluir la ubicaci\u00f3n basada en IP, informaci\u00f3n del navegador, tipo de dispositivo, p\u00e1ginas vistas y duraci\u00f3n de la visita.<\/p>\n\n\n\n<p>Si no desea que se utilicen cookies anal\u00edticas, puede cambiar la configuraci\u00f3n de cookies en su navegador o a trav\u00e9s de cualquier herramienta de consentimiento disponible en el sitio.<\/p>\n\n\n\n<h2 class=\"wp-block-heading\">7. Contenidos integrados y funciones de terceros<\/h2>\n\n\n\n<p>Algunas p\u00e1ginas de nuestro sitio web pueden incluir contenido incrustado o funciones de terceros, como:<\/p>\n\n\n\n<ul class=\"wp-block-list\">\n<li>Mapas<\/li>\n\n\n\n<li>V\u00eddeos<\/li>\n\n\n\n<li>Contenido de las redes sociales<\/li>\n\n\n\n<li>Formularios externos<\/li>\n\n\n\n<li>Herramientas de chat<\/li>\n<\/ul>\n\n\n\n<p>El contenido incrustado de otros sitios web puede comportarse de la misma manera que si los visitara directamente. La gu\u00eda de privacidad de WordPress se\u00f1ala que el contenido incrustado puede recopilar datos, utilizar cookies y realizar un seguimiento de las interacciones en funci\u00f3n del servicio de terceros.<\/p>\n\n\n\n<p>Estos proveedores externos pueden recopilar datos de acuerdo con sus propias pol\u00edticas de privacidad. Recomendamos revisar sus pol\u00edticas antes de utilizar estas funciones.<\/p>\n\n\n\n<h2 class=\"wp-block-heading\">8. C\u00f3mo compartimos la informaci\u00f3n<\/h2>\n\n\n\n<p>No vendemos su informaci\u00f3n personal.<\/p>\n\n\n\n<p>Podemos compartir su informaci\u00f3n s\u00f3lo cuando sea necesario, por ejemplo con:<\/p>\n\n\n\n<ul class=\"wp-block-list\">\n<li>Proveedores de alojamiento web<\/li>\n\n\n\n<li>Proveedores de servicios de correo electr\u00f3nico<\/li>\n\n\n\n<li>Proveedores de an\u00e1lisis o asistencia t\u00e9cnica<\/li>\n\n\n\n<li>Proveedores de servicios antispam o de seguridad<\/li>\n\n\n\n<li>Asesores profesionales, en caso necesario<\/li>\n\n\n\n<li>Autoridades gubernamentales o reguladoras, si as\u00ed lo exige la ley<\/li>\n<\/ul>\n\n\n\n<p>S\u00f3lo compartimos la informaci\u00f3n que es razonablemente necesaria para el fin correspondiente.<\/p>\n\n\n\n<h2 class=\"wp-block-heading\">9. Transferencias internacionales de datos<\/h2>\n\n\n\n<p>Dado que atendemos a visitantes internacionales y podemos trabajar con proveedores de servicios de distintos pa\u00edses, su informaci\u00f3n puede ser procesada fuera de su pa\u00eds o regi\u00f3n.<\/p>\n\n\n\n<p>Al utilizar nuestro sitio web o enviarnos informaci\u00f3n, usted entiende que sus datos pueden ser transferidos y tratados en otras jurisdicciones donde las normas de protecci\u00f3n de datos pueden ser diferentes de las de su lugar de residencia.<\/p>\n\n\n\n<p>Tomamos medidas razonables para proteger la informaci\u00f3n personal durante dichas transferencias.<\/p>\n\n\n\n<h2 class=\"wp-block-heading\">10. Cu\u00e1nto tiempo conservamos su informaci\u00f3n<\/h2>\n\n\n\n<p>S\u00f3lo conservamos la informaci\u00f3n personal durante el tiempo necesario para los fines para los que fue recopilada, o seg\u00fan lo exija la ley. Seg\u00fan las directrices de la ICO, los avisos de privacidad deben explicar durante cu\u00e1nto tiempo se conservan los datos o los criterios utilizados para decidirlo.<\/p>\n\n\n\n<p>En general:<\/p>\n\n\n\n<ul class=\"wp-block-list\">\n<li>Las consultas del formulario de contacto pueden conservarse para seguimiento interno y registros comerciales.<\/li>\n\n\n\n<li>Las comunicaciones relacionadas con presupuestos o pedidos pueden conservarse durante m\u00e1s tiempo por motivos contractuales, fiscales o de cumplimiento.<\/li>\n\n\n\n<li>Los registros t\u00e9cnicos pueden conservarse por motivos de seguridad, mantenimiento o an\u00e1lisis durante un periodo limitado.<\/li>\n\n\n\n<li>Los registros de marketing pueden conservarse hasta que usted se d\u00e9 de baja o se oponga, si procede.<\/li>\n<\/ul>\n\n\n\n<h2 class=\"wp-block-heading\">11. Sus derechos<\/h2>\n\n\n\n<p>Dependiendo de la legislaci\u00f3n que se le aplique, puede tener derechos en relaci\u00f3n con su informaci\u00f3n personal. Las directrices de la ICO explican que los avisos de privacidad deben informar a las personas sobre derechos como el acceso, la correcci\u00f3n, la supresi\u00f3n, la restricci\u00f3n, la objeci\u00f3n, la portabilidad y el derecho a reclamar a un regulador cuando proceda.<\/p>\n\n\n\n<p>Estos derechos pueden incluir:<\/p>\n\n\n\n<ul class=\"wp-block-list\">\n<li>Derecho a solicitar el acceso a sus datos personales<\/li>\n\n\n\n<li>Derecho a solicitar la rectificaci\u00f3n de datos inexactos<\/li>\n\n\n\n<li>Derecho a solicitar la supresi\u00f3n de sus datos<\/li>\n\n\n\n<li>Derecho a oponerse a determinados tratamientos<\/li>\n\n\n\n<li>Derecho a solicitar la limitaci\u00f3n del tratamiento<\/li>\n\n\n\n<li>Derecho a solicitar una copia de los datos que nos ha facilitado<\/li>\n\n\n\n<li>Derecho a retirar el consentimiento, cuando \u00e9ste sea la base del tratamiento<\/li>\n<\/ul>\n\n\n\n<p>Para hacer una solicitud, p\u00f3ngase en contacto con nosotros en <strong><a>info@careconpet.com<\/a><\/strong>.<\/p>\n\n\n\n<p>Es posible que tengamos que verificar su identidad antes de tramitar su solicitud.<\/p>\n\n\n\n<h2 class=\"wp-block-heading\">12. Seguridad de los datos<\/h2>\n\n\n\n<p>Aplicamos medidas administrativas, t\u00e9cnicas y organizativas razonables para proteger los datos personales contra el acceso, la divulgaci\u00f3n, el uso indebido, la alteraci\u00f3n o la destrucci\u00f3n no autorizados.<\/p>\n\n\n\n<p>Sin embargo, no se puede garantizar que ning\u00fan sistema de transmisi\u00f3n o almacenamiento en Internet sea totalmente seguro. Por ese motivo, no podemos prometer una seguridad absoluta.<\/p>\n\n\n\n<h2 class=\"wp-block-heading\">13. Privacidad de los ni\u00f1os<\/h2>\n\n\n\n<p>Nuestro sitio web est\u00e1 destinado a usuarios empresariales, consumidores adultos y visitantes en general. No est\u00e1 dirigido a ni\u00f1os.<\/p>\n\n\n\n<p>No recopilamos conscientemente informaci\u00f3n personal de ni\u00f1os a trav\u00e9s de este sitio web. Si cree que un ni\u00f1o nos ha proporcionado informaci\u00f3n personal, p\u00f3ngase en contacto con nosotros para que podamos revisarla y eliminarla si procede.<\/p>\n\n\n\n<h2 class=\"wp-block-heading\">14. Enlaces a otros sitios web<\/h2>\n\n\n\n<p>Nuestro sitio web puede contener enlaces a otros sitios web. No somos responsables de las pr\u00e1cticas de privacidad, el contenido o las pol\u00edticas de los sitios web de terceros.<\/p>\n\n\n\n<p>Le recomendamos que consulte la pol\u00edtica de privacidad de cualquier sitio web externo que visite.<\/p>\n\n\n\n<h2 class=\"wp-block-heading\">15. Cambios en esta pol\u00edtica de privacidad<\/h2>\n\n\n\n<p>Podemos actualizar esta Pol\u00edtica de Privacidad de vez en cuando para reflejar cambios en nuestro sitio web, servicios, requisitos legales u operaciones comerciales.<\/p>\n\n\n\n<p>Cualquier versi\u00f3n actualizada se publicar\u00e1 en esta p\u00e1gina con una fecha revisada de \u201c\u00daltima actualizaci\u00f3n\u201d.<\/p>\n\n\n\n<h2 class=\"wp-block-heading\">16. Contacto<\/h2>\n\n\n\n<p>Si tiene alguna pregunta sobre esta Pol\u00edtica de Privacidad o desea realizar una solicitud de datos, p\u00f3ngase en contacto con nosotros:<\/p>\n\n\n\n<p><strong>Linyi CareCon Import &amp; Export Co., Ltd.<\/strong><br><strong>Correo electr\u00f3nico:<\/strong> <a>info@careconpet.com<\/a><br><strong>Direcci\u00f3n:<\/strong> 1405, Edificio 15, Global Danguiyuan, Calle Liuqing, Distrito de Lanshan, Ciudad de Linyi, Provincia de Shandong, China<\/p>","protected":false},"excerpt":{"rendered":"<p>Last updated: March 10, 2026 1. Who We Are This Privacy Policy explains how Linyi CareCon Import &amp; Export Co., Ltd. collects, uses, stores, and protects personal information when you visit careconpet.com. Website: careconpet.comCompany: Linyi CareCon Import &amp; Export Co., Ltd.Email: info@careconpet.comAddress: 1405, Building 15, Global Danguiyuan, Liuqing Street, Lanshan District, Linyi City, Shandong Province, [&hellip;]<\/p>\n","protected":false},"author":1,"featured_media":0,"parent":0,"menu_order":0,"comment_status":"closed","ping_status":"open","template":"","meta":{"_acf_changed":false,"footnotes":""},"class_list":["post-3","page","type-page","status-publish","hentry"],"acf":[],"_links":{"self":[{"href":"https:\/\/careconpet.com\/es\/wp-json\/wp\/v2\/pages\/3","targetHints":{"allow":["GET"]}}],"collection":[{"href":"https:\/\/careconpet.com\/es\/wp-json\/wp\/v2\/pages"}],"about":[{"href":"https:\/\/careconpet.com\/es\/wp-json\/wp\/v2\/types\/page"}],"author":[{"embeddable":true,"href":"https:\/\/careconpet.com\/es\/wp-json\/wp\/v2\/users\/1"}],"replies":[{"embeddable":true,"href":"https:\/\/careconpet.com\/es\/wp-json\/wp\/v2\/comments?post=3"}],"version-history":[{"count":1,"href":"https:\/\/careconpet.com\/es\/wp-json\/wp\/v2\/pages\/3\/revisions"}],"predecessor-version":[{"id":651,"href":"https:\/\/careconpet.com\/es\/wp-json\/wp\/v2\/pages\/3\/revisions\/651"}],"wp:attachment":[{"href":"https:\/\/careconpet.com\/es\/wp-json\/wp\/v2\/media?parent=3"}],"curies":[{"name":"wp","href":"https:\/\/api.w.org\/{rel}","templated":true}]}}